{"id":30,"date":"2021-11-12T08:22:31","date_gmt":"2021-11-12T08:22:31","guid":{"rendered":"https:\/\/dev.mediadome.at\/egger-stein-gmbh\/?page_id=30"},"modified":"2021-12-07T11:26:25","modified_gmt":"2021-12-07T11:26:25","slug":"unternehmen","status":"publish","type":"page","link":"https:\/\/eggerstein.at\/index.php\/unternehmen\/","title":{"rendered":"Unternehmen"},"content":{"rendered":"\t\t<div data-elementor-type=\"wp-page\" data-elementor-id=\"30\" class=\"elementor elementor-30\" data-elementor-post-type=\"page\">\n\t\t\t\t\t\t<section data-particle_enable=\"false\" data-particle-mobile-disabled=\"false\" class=\"elementor-section elementor-top-section elementor-element elementor-element-2c7ce12d elementor-section-full_width elementor-section-height-default elementor-section-height-default\" data-id=\"2c7ce12d\" data-element_type=\"section\" data-e-type=\"section\" data-settings=\"{&quot;background_background&quot;:&quot;classic&quot;}\">\n\t\t\t\t\t\t\t<div class=\"elementor-background-overlay\"><\/div>\n\t\t\t\t\t\t\t<div class=\"elementor-container elementor-column-gap-default\">\n\t\t\t\t\t<div class=\"elementor-column elementor-col-50 elementor-top-column elementor-element elementor-element-b8003fe\" data-id=\"b8003fe\" data-element_type=\"column\" data-e-type=\"column\">\n\t\t\t<div class=\"elementor-widget-wrap elementor-element-populated\">\n\t\t\t\t\t\t<div class=\"elementor-element elementor-element-7c003c8 elementor-invisible elementor-widget elementor-widget-image\" data-id=\"7c003c8\" data-element_type=\"widget\" data-e-type=\"widget\" data-settings=\"{&quot;_animation&quot;:&quot;fadeInLeft&quot;,&quot;_animation_tablet&quot;:&quot;fadeInLeft&quot;,&quot;_animation_mobile&quot;:&quot;fadeInLeft&quot;}\" data-widget_type=\"image.default\">\n\t\t\t\t<div class=\"elementor-widget-container\">\n\t\t\t\t\t\t\t\t\t\t\t\t\t\t\t\t<a href=\"https:\/\/eggerstein.at\/\">\n\t\t\t\t\t\t\t<img fetchpriority=\"high\" decoding=\"async\" width=\"822\" height=\"429\" src=\"https:\/\/eggerstein.at\/wp-content\/uploads\/2021\/11\/Egger-Stein_RGB.png\" class=\"attachment-2048x2048 size-2048x2048 wp-image-146\" alt=\"\" srcset=\"https:\/\/eggerstein.at\/wp-content\/uploads\/2021\/11\/Egger-Stein_RGB.png 822w, https:\/\/eggerstein.at\/wp-content\/uploads\/2021\/11\/Egger-Stein_RGB-600x313.png 600w, https:\/\/eggerstein.at\/wp-content\/uploads\/2021\/11\/Egger-Stein_RGB-300x157.png 300w, https:\/\/eggerstein.at\/wp-content\/uploads\/2021\/11\/Egger-Stein_RGB-768x401.png 768w\" sizes=\"(max-width: 822px) 100vw, 822px\" \/>\t\t\t\t\t\t\t\t<\/a>\n\t\t\t\t\t\t\t\t\t\t\t\t\t\t\t<\/div>\n\t\t\t\t<\/div>\n\t\t\t\t\t<\/div>\n\t\t<\/div>\n\t\t\t\t<div class=\"elementor-column elementor-col-50 elementor-top-column elementor-element elementor-element-224851e\" data-id=\"224851e\" data-element_type=\"column\" data-e-type=\"column\">\n\t\t\t<div class=\"elementor-widget-wrap elementor-element-populated\">\n\t\t\t\t\t\t<div class=\"elementor-element elementor-element-279ecdc elementor-invisible elementor-widget elementor-widget-image\" data-id=\"279ecdc\" data-element_type=\"widget\" data-e-type=\"widget\" data-settings=\"{&quot;_animation&quot;:&quot;fadeInRight&quot;,&quot;_animation_tablet&quot;:&quot;fadeInRight&quot;,&quot;_animation_mobile&quot;:&quot;fadeInRight&quot;}\" data-widget_type=\"image.default\">\n\t\t\t\t<div class=\"elementor-widget-container\">\n\t\t\t\t\t\t\t\t\t\t\t\t\t\t\t\t<a href=\"https:\/\/www.gladikbau.at\" target=\"_blank\">\n\t\t\t\t\t\t\t<img decoding=\"async\" width=\"300\" height=\"59\" src=\"https:\/\/eggerstein.at\/wp-content\/uploads\/2021\/12\/logo-300x59.png\" class=\"attachment-medium size-medium wp-image-1009\" alt=\"\" srcset=\"https:\/\/eggerstein.at\/wp-content\/uploads\/2021\/12\/logo-300x59.png 300w, https:\/\/eggerstein.at\/wp-content\/uploads\/2021\/12\/logo.png 600w\" sizes=\"(max-width: 300px) 100vw, 300px\" \/>\t\t\t\t\t\t\t\t<\/a>\n\t\t\t\t\t\t\t\t\t\t\t\t\t\t\t<\/div>\n\t\t\t\t<\/div>\n\t\t\t\t\t<\/div>\n\t\t<\/div>\n\t\t\t\t\t<\/div>\n\t\t<\/section>\n\t\t\t\t<section data-particle_enable=\"false\" data-particle-mobile-disabled=\"false\" class=\"elementor-section elementor-top-section elementor-element elementor-element-78e98dec elementor-section-boxed elementor-section-height-default elementor-section-height-default elementor-invisible\" data-id=\"78e98dec\" data-element_type=\"section\" data-e-type=\"section\" data-settings=\"{&quot;background_background&quot;:&quot;classic&quot;,&quot;sticky&quot;:&quot;top&quot;,&quot;sticky_effects_offset&quot;:500,&quot;animation&quot;:&quot;fadeIn&quot;,&quot;sticky_on&quot;:[&quot;desktop&quot;,&quot;tablet&quot;,&quot;mobile&quot;],&quot;sticky_offset&quot;:0,&quot;sticky_anchor_link_offset&quot;:0}\">\n\t\t\t\t\t\t<div class=\"elementor-container elementor-column-gap-default\">\n\t\t\t\t\t<div class=\"elementor-column elementor-col-100 elementor-top-column elementor-element elementor-element-4c4e2c1e\" data-id=\"4c4e2c1e\" data-element_type=\"column\" data-e-type=\"column\">\n\t\t\t<div class=\"elementor-widget-wrap elementor-element-populated\">\n\t\t\t\t\t\t<div class=\"elementor-element elementor-element-7990d9e elementor-nav-menu__align-center elementor-nav-menu--dropdown-mobile elementor-nav-menu__text-align-aside elementor-nav-menu--toggle elementor-nav-menu--burger elementor-widget elementor-widget-nav-menu\" data-id=\"7990d9e\" data-element_type=\"widget\" data-e-type=\"widget\" data-settings=\"{&quot;layout&quot;:&quot;horizontal&quot;,&quot;submenu_icon&quot;:{&quot;value&quot;:&quot;&lt;i class=\\&quot;fas fa-caret-down\\&quot; aria-hidden=\\&quot;true\\&quot;&gt;&lt;\\\/i&gt;&quot;,&quot;library&quot;:&quot;fa-solid&quot;},&quot;toggle&quot;:&quot;burger&quot;}\" data-widget_type=\"nav-menu.default\">\n\t\t\t\t<div class=\"elementor-widget-container\">\n\t\t\t\t\t\t\t\t<nav aria-label=\"Men\u00fc\" class=\"elementor-nav-menu--main elementor-nav-menu__container elementor-nav-menu--layout-horizontal e--pointer-underline e--animation-fade\">\n\t\t\t\t<ul id=\"menu-1-7990d9e\" class=\"elementor-nav-menu\"><li class=\"menu-item menu-item-type-post_type menu-item-object-page menu-item-home menu-item-89\"><a href=\"https:\/\/eggerstein.at\/\" class=\"elementor-item\">Home<\/a><\/li>\n<li class=\"menu-item menu-item-type-post_type menu-item-object-page menu-item-91\"><a href=\"https:\/\/eggerstein.at\/index.php\/leistungen\/\" class=\"elementor-item\">Leistungen<\/a><\/li>\n<li class=\"menu-item menu-item-type-post_type menu-item-object-page menu-item-95\"><a href=\"https:\/\/eggerstein.at\/index.php\/unternehmen\/\" class=\"elementor-item\">Unternehmen<\/a><\/li>\n<li class=\"menu-item menu-item-type-post_type menu-item-object-page menu-item-90\"><a href=\"https:\/\/eggerstein.at\/index.php\/kontakt\/\" class=\"elementor-item\">Kontakt<\/a><\/li>\n<li class=\"menu-item menu-item-type-post_type menu-item-object-page menu-item-94\"><a href=\"https:\/\/eggerstein.at\/index.php\/team\/\" class=\"elementor-item\">Team<\/a><\/li>\n<li class=\"menu-item menu-item-type-post_type menu-item-object-page menu-item-93\"><a href=\"https:\/\/eggerstein.at\/index.php\/stellenangebote\/\" class=\"elementor-item\">Stellenangebote<\/a><\/li>\n<\/ul>\t\t\t<\/nav>\n\t\t\t\t\t<div class=\"elementor-menu-toggle\" role=\"button\" tabindex=\"0\" aria-label=\"Men\u00fc Umschalter\" aria-expanded=\"false\">\n\t\t\t<i aria-hidden=\"true\" role=\"presentation\" class=\"elementor-menu-toggle__icon--open eicon-menu-bar\"><\/i><i aria-hidden=\"true\" role=\"presentation\" class=\"elementor-menu-toggle__icon--close eicon-close\"><\/i>\t\t<\/div>\n\t\t\t\t\t<nav class=\"elementor-nav-menu--dropdown elementor-nav-menu__container\" aria-hidden=\"true\">\n\t\t\t\t<ul id=\"menu-2-7990d9e\" class=\"elementor-nav-menu\"><li class=\"menu-item menu-item-type-post_type menu-item-object-page menu-item-home menu-item-89\"><a href=\"https:\/\/eggerstein.at\/\" class=\"elementor-item\" tabindex=\"-1\">Home<\/a><\/li>\n<li class=\"menu-item menu-item-type-post_type menu-item-object-page menu-item-91\"><a href=\"https:\/\/eggerstein.at\/index.php\/leistungen\/\" class=\"elementor-item\" tabindex=\"-1\">Leistungen<\/a><\/li>\n<li class=\"menu-item menu-item-type-post_type menu-item-object-page menu-item-95\"><a href=\"https:\/\/eggerstein.at\/index.php\/unternehmen\/\" class=\"elementor-item\" tabindex=\"-1\">Unternehmen<\/a><\/li>\n<li class=\"menu-item menu-item-type-post_type menu-item-object-page menu-item-90\"><a href=\"https:\/\/eggerstein.at\/index.php\/kontakt\/\" class=\"elementor-item\" tabindex=\"-1\">Kontakt<\/a><\/li>\n<li class=\"menu-item menu-item-type-post_type menu-item-object-page menu-item-94\"><a href=\"https:\/\/eggerstein.at\/index.php\/team\/\" class=\"elementor-item\" tabindex=\"-1\">Team<\/a><\/li>\n<li class=\"menu-item menu-item-type-post_type menu-item-object-page menu-item-93\"><a href=\"https:\/\/eggerstein.at\/index.php\/stellenangebote\/\" class=\"elementor-item\" tabindex=\"-1\">Stellenangebote<\/a><\/li>\n<\/ul>\t\t\t<\/nav>\n\t\t\t\t\t\t<\/div>\n\t\t\t\t<\/div>\n\t\t\t\t\t<\/div>\n\t\t<\/div>\n\t\t\t\t\t<\/div>\n\t\t<\/section>\n\t\t\t\t<section data-particle_enable=\"false\" data-particle-mobile-disabled=\"false\" class=\"elementor-section elementor-top-section elementor-element elementor-element-7a0cb87 elementor-section-boxed elementor-section-height-default elementor-section-height-default\" data-id=\"7a0cb87\" data-element_type=\"section\" data-e-type=\"section\">\n\t\t\t\t\t\t<div class=\"elementor-container elementor-column-gap-default\">\n\t\t\t\t\t<div class=\"elementor-column elementor-col-100 elementor-top-column elementor-element elementor-element-12cc042\" data-id=\"12cc042\" data-element_type=\"column\" data-e-type=\"column\">\n\t\t\t<div class=\"elementor-widget-wrap elementor-element-populated\">\n\t\t\t\t\t\t<div class=\"elementor-element elementor-element-5ddfd26 elementor-widget elementor-widget-heading\" data-id=\"5ddfd26\" data-element_type=\"widget\" data-e-type=\"widget\" data-widget_type=\"heading.default\">\n\t\t\t\t<div class=\"elementor-widget-container\">\n\t\t\t\t\t<h2 class=\"elementor-heading-title elementor-size-default\">Das Unternehmen<\/h2>\t\t\t\t<\/div>\n\t\t\t\t<\/div>\n\t\t\t\t<div class=\"elementor-element elementor-element-98717a8 elementor-widget-divider--view-line elementor-widget elementor-widget-divider\" data-id=\"98717a8\" data-element_type=\"widget\" data-e-type=\"widget\" data-widget_type=\"divider.default\">\n\t\t\t\t<div class=\"elementor-widget-container\">\n\t\t\t\t\t\t\t<div class=\"elementor-divider\">\n\t\t\t<span class=\"elementor-divider-separator\">\n\t\t\t\t\t\t<\/span>\n\t\t<\/div>\n\t\t\t\t\t\t<\/div>\n\t\t\t\t<\/div>\n\t\t\t\t<section data-particle_enable=\"false\" data-particle-mobile-disabled=\"false\" class=\"elementor-section elementor-inner-section elementor-element elementor-element-a187c5b elementor-section-boxed elementor-section-height-default elementor-section-height-default\" data-id=\"a187c5b\" data-element_type=\"section\" data-e-type=\"section\">\n\t\t\t\t\t\t<div class=\"elementor-container elementor-column-gap-default\">\n\t\t\t\t\t<div class=\"elementor-column elementor-col-50 elementor-inner-column elementor-element elementor-element-92b4551\" data-id=\"92b4551\" data-element_type=\"column\" data-e-type=\"column\">\n\t\t\t<div class=\"elementor-widget-wrap elementor-element-populated\">\n\t\t\t\t\t\t<div class=\"elementor-element elementor-element-7b65b53 elementor-widget elementor-widget-heading\" data-id=\"7b65b53\" data-element_type=\"widget\" data-e-type=\"widget\" data-widget_type=\"heading.default\">\n\t\t\t\t<div class=\"elementor-widget-container\">\n\t\t\t\t\t<h2 class=\"elementor-heading-title elementor-size-default\">2021<\/h2>\t\t\t\t<\/div>\n\t\t\t\t<\/div>\n\t\t\t\t<div class=\"elementor-element elementor-element-242790c elementor-widget-divider--view-line elementor-widget elementor-widget-divider\" data-id=\"242790c\" data-element_type=\"widget\" data-e-type=\"widget\" data-widget_type=\"divider.default\">\n\t\t\t\t<div class=\"elementor-widget-container\">\n\t\t\t\t\t\t\t<div class=\"elementor-divider\">\n\t\t\t<span class=\"elementor-divider-separator\">\n\t\t\t\t\t\t<\/span>\n\t\t<\/div>\n\t\t\t\t\t\t<\/div>\n\t\t\t\t<\/div>\n\t\t\t\t\t<\/div>\n\t\t<\/div>\n\t\t\t\t<div class=\"elementor-column elementor-col-50 elementor-inner-column elementor-element elementor-element-cf48e7f\" data-id=\"cf48e7f\" data-element_type=\"column\" data-e-type=\"column\">\n\t\t\t<div class=\"elementor-widget-wrap elementor-element-populated\">\n\t\t\t\t\t\t<div class=\"elementor-element elementor-element-1f5589a elementor-widget elementor-widget-text-editor\" data-id=\"1f5589a\" data-element_type=\"widget\" data-e-type=\"widget\" data-widget_type=\"text-editor.default\">\n\t\t\t\t<div class=\"elementor-widget-container\">\n\t\t\t\t\t\t\t\t\t<p>In diesem Jahr entschieden sich Markus Lindschinger und Josef Gladik aufgrund der Pensionierung des Steinmetzmeisters Michael Egger daf\u00fcr, einen neuen Steinmetzbetrieb \u2013 die \u201eEgger Stein GmbH\u201c \u2013 zu gr\u00fcnden.<\/p><p>Durch diese Neugr\u00fcndung konnten sie ihr Spektrum passend zum bestehenden Bauunternehmen erweitern.<\/p>\t\t\t\t\t\t\t\t<\/div>\n\t\t\t\t<\/div>\n\t\t\t\t\t<\/div>\n\t\t<\/div>\n\t\t\t\t\t<\/div>\n\t\t<\/section>\n\t\t\t\t\t<\/div>\n\t\t<\/div>\n\t\t\t\t\t<\/div>\n\t\t<\/section>\n\t\t\t\t<section data-particle_enable=\"false\" data-particle-mobile-disabled=\"false\" class=\"elementor-section elementor-top-section elementor-element elementor-element-c61a60f elementor-section-boxed elementor-section-height-default elementor-section-height-default\" data-id=\"c61a60f\" data-element_type=\"section\" data-e-type=\"section\">\n\t\t\t\t\t\t<div class=\"elementor-container elementor-column-gap-default\">\n\t\t\t\t\t<div class=\"elementor-column elementor-col-50 elementor-top-column elementor-element elementor-element-6ba7cfe\" data-id=\"6ba7cfe\" data-element_type=\"column\" data-e-type=\"column\">\n\t\t\t<div class=\"elementor-widget-wrap elementor-element-populated\">\n\t\t\t\t\t\t<div class=\"elementor-element elementor-element-3d9a7a7 elementor-widget elementor-widget-image\" data-id=\"3d9a7a7\" data-element_type=\"widget\" data-e-type=\"widget\" data-widget_type=\"image.default\">\n\t\t\t\t<div class=\"elementor-widget-container\">\n\t\t\t\t\t\t\t\t\t\t\t\t\t\t\t<img decoding=\"async\" width=\"683\" height=\"1024\" src=\"https:\/\/eggerstein.at\/wp-content\/uploads\/2021\/11\/Markus-Lindschinger-683x1024.jpeg\" class=\"attachment-large size-large wp-image-493\" alt=\"\" srcset=\"https:\/\/eggerstein.at\/wp-content\/uploads\/2021\/11\/Markus-Lindschinger-683x1024.jpeg 683w, https:\/\/eggerstein.at\/wp-content\/uploads\/2021\/11\/Markus-Lindschinger-600x900.jpeg 600w, https:\/\/eggerstein.at\/wp-content\/uploads\/2021\/11\/Markus-Lindschinger-200x300.jpeg 200w, https:\/\/eggerstein.at\/wp-content\/uploads\/2021\/11\/Markus-Lindschinger-768x1152.jpeg 768w, https:\/\/eggerstein.at\/wp-content\/uploads\/2021\/11\/Markus-Lindschinger.jpeg 800w\" sizes=\"(max-width: 683px) 100vw, 683px\" \/>\t\t\t\t\t\t\t\t\t\t\t\t\t\t\t<\/div>\n\t\t\t\t<\/div>\n\t\t\t\t\t<\/div>\n\t\t<\/div>\n\t\t\t\t<div class=\"elementor-column elementor-col-50 elementor-top-column elementor-element elementor-element-e0d6e4b\" data-id=\"e0d6e4b\" data-element_type=\"column\" data-e-type=\"column\">\n\t\t\t<div class=\"elementor-widget-wrap elementor-element-populated\">\n\t\t\t\t\t\t<div class=\"elementor-element elementor-element-83453ca elementor-widget elementor-widget-heading\" data-id=\"83453ca\" data-element_type=\"widget\" data-e-type=\"widget\" data-widget_type=\"heading.default\">\n\t\t\t\t<div class=\"elementor-widget-container\">\n\t\t\t\t\t<h3 class=\"elementor-heading-title elementor-size-default\">Markus Lindschinger<\/h3>\t\t\t\t<\/div>\n\t\t\t\t<\/div>\n\t\t\t\t<div class=\"elementor-element elementor-element-d7791b4 elementor-widget elementor-widget-text-editor\" data-id=\"d7791b4\" data-element_type=\"widget\" data-e-type=\"widget\" data-widget_type=\"text-editor.default\">\n\t\t\t\t<div class=\"elementor-widget-container\">\n\t\t\t\t\t\t\t\t\t<p>Markus Lindschinger begann 2002 als Erster in der Geschichte der \u201eGladik Bau GmbH\u201c die Doppellehre zum Zimmerer und Maurer, welche er in den Jahren 2005\/2006 mit ausgezeichnetem Erfolg abschloss. 2007 &#8211; 2011 absolvierte er die Bauhandwerkerschule sowohl f\u00fcr Zimmerer als auch f\u00fcr Maurer.<\/p><p>Parallel dazu arbeitete er bereits als Polier in der \u201eGladik Bau GmbH\u201c.<\/p><p>2011 wechselte er aufgrund seiner Wissbegierde und F\u00fchrungsqualit\u00e4ten von der Baustelle ins B\u00fcro und wurde zum Bauleiter.<\/p><p>Durch seine jahrelange Verl\u00e4sslichkeit, den Flei\u00df und seine Durchsetzungskraft wurde er schlie\u00dflich\u00a0im Jahr 2019 zum Prokuristen der \u201eGladik Bau GmbH\u201c bef\u00f6rdert.<\/p><p>Seit 2021 f\u00fchrt er als Gesellschafter gemeinsam mit Josef Gladik die neu gegr\u00fcndete \u201eEgger Stein GmbH\u201c.<\/p>\t\t\t\t\t\t\t\t<\/div>\n\t\t\t\t<\/div>\n\t\t\t\t\t<\/div>\n\t\t<\/div>\n\t\t\t\t\t<\/div>\n\t\t<\/section>\n\t\t\t\t<section data-particle_enable=\"false\" data-particle-mobile-disabled=\"false\" class=\"elementor-section elementor-top-section elementor-element elementor-element-55d2516 elementor-section-boxed elementor-section-height-default elementor-section-height-default\" data-id=\"55d2516\" data-element_type=\"section\" data-e-type=\"section\">\n\t\t\t\t\t\t<div class=\"elementor-container elementor-column-gap-default\">\n\t\t\t\t\t<div class=\"elementor-column elementor-col-50 elementor-top-column elementor-element elementor-element-10c9737\" data-id=\"10c9737\" data-element_type=\"column\" data-e-type=\"column\">\n\t\t\t<div class=\"elementor-widget-wrap elementor-element-populated\">\n\t\t\t\t\t\t<div class=\"elementor-element elementor-element-04c5a69 elementor-widget elementor-widget-image\" data-id=\"04c5a69\" data-element_type=\"widget\" data-e-type=\"widget\" data-widget_type=\"image.default\">\n\t\t\t\t<div class=\"elementor-widget-container\">\n\t\t\t\t\t\t\t\t\t\t\t\t\t\t\t<img loading=\"lazy\" decoding=\"async\" width=\"683\" height=\"1024\" src=\"https:\/\/eggerstein.at\/wp-content\/uploads\/2021\/11\/Josef-Gladik-683x1024.jpeg\" class=\"attachment-large size-large wp-image-492\" alt=\"\" srcset=\"https:\/\/eggerstein.at\/wp-content\/uploads\/2021\/11\/Josef-Gladik-683x1024.jpeg 683w, https:\/\/eggerstein.at\/wp-content\/uploads\/2021\/11\/Josef-Gladik-600x900.jpeg 600w, https:\/\/eggerstein.at\/wp-content\/uploads\/2021\/11\/Josef-Gladik-200x300.jpeg 200w, https:\/\/eggerstein.at\/wp-content\/uploads\/2021\/11\/Josef-Gladik-768x1152.jpeg 768w, https:\/\/eggerstein.at\/wp-content\/uploads\/2021\/11\/Josef-Gladik.jpeg 800w\" sizes=\"(max-width: 683px) 100vw, 683px\" \/>\t\t\t\t\t\t\t\t\t\t\t\t\t\t\t<\/div>\n\t\t\t\t<\/div>\n\t\t\t\t\t<\/div>\n\t\t<\/div>\n\t\t\t\t<div class=\"elementor-column elementor-col-50 elementor-top-column elementor-element elementor-element-d49af38\" data-id=\"d49af38\" data-element_type=\"column\" data-e-type=\"column\">\n\t\t\t<div class=\"elementor-widget-wrap elementor-element-populated\">\n\t\t\t\t\t\t<div class=\"elementor-element elementor-element-305ca8c elementor-widget elementor-widget-heading\" data-id=\"305ca8c\" data-element_type=\"widget\" data-e-type=\"widget\" data-widget_type=\"heading.default\">\n\t\t\t\t<div class=\"elementor-widget-container\">\n\t\t\t\t\t<h3 class=\"elementor-heading-title elementor-size-default\">Baumeister Ing. Josef Gladik<\/h3>\t\t\t\t<\/div>\n\t\t\t\t<\/div>\n\t\t\t\t<div class=\"elementor-element elementor-element-a3a1731 elementor-widget elementor-widget-text-editor\" data-id=\"a3a1731\" data-element_type=\"widget\" data-e-type=\"widget\" data-widget_type=\"text-editor.default\">\n\t\t\t\t<div class=\"elementor-widget-container\">\n\t\t\t\t\t\t\t\t\t<p>Josef Gladik f\u00fchrt sein bestehendes Unternehmen, die \u201eGladik Bau GmbH\u201c, bereits in 4. Generation.<\/p><p>Das Unternehmen besteht bereits seit 1896.<\/p><p>Josef absolvierte im Jahr 1994 die Matura f\u00fcr Hochbau an der HTL M\u00f6dling.<\/p><p>Im Jahr 2000 wurde er nach erfolgreich abgelegten Pr\u00fcfungen der j\u00fcngste Bau- u. Zimmermeister \u00d6sterreichs und \u00fcbernahm im selben Jahr die Firma \u201eGladik Bau GmbH\u201c in Murau.<\/p><p>Im Jahr 2015 legte er die Bef\u00e4higungspr\u00fcfung zum Bautr\u00e4ger ab.<\/p><p>Gemeinsam mit seinem Freund und Gesch\u00e4ftspartner Markus Lindschinger gr\u00fcndete er 2021 auch die \u201eEgger Stein GmbH\u201c.<\/p>\t\t\t\t\t\t\t\t<\/div>\n\t\t\t\t<\/div>\n\t\t\t\t\t<\/div>\n\t\t<\/div>\n\t\t\t\t\t<\/div>\n\t\t<\/section>\n\t\t\t\t<\/div>\n\t\t","protected":false},"excerpt":{"rendered":"<p>Das Unternehmen 2021 In diesem Jahr entschieden sich Markus Lindschinger und Josef Gladik aufgrund der Pensionierung des Steinmetzmeisters Michael Egger daf\u00fcr, einen neuen Steinmetzbetrieb \u2013 die \u201eEgger Stein GmbH\u201c \u2013 zu gr\u00fcnden. Durch diese Neugr\u00fcndung konnten sie ihr Spektrum passend zum bestehenden Bauunternehmen erweitern. Markus Lindschinger Markus Lindschinger begann 2002 als Erster in der Geschichte [&hellip;]<\/p>\n","protected":false},"author":1,"featured_media":0,"parent":0,"menu_order":0,"comment_status":"closed","ping_status":"closed","template":"","meta":{"footnotes":""},"class_list":["post-30","page","type-page","status-publish","hentry"],"_links":{"self":[{"href":"https:\/\/eggerstein.at\/index.php\/wp-json\/wp\/v2\/pages\/30","targetHints":{"allow":["GET"]}}],"collection":[{"href":"https:\/\/eggerstein.at\/index.php\/wp-json\/wp\/v2\/pages"}],"about":[{"href":"https:\/\/eggerstein.at\/index.php\/wp-json\/wp\/v2\/types\/page"}],"author":[{"embeddable":true,"href":"https:\/\/eggerstein.at\/index.php\/wp-json\/wp\/v2\/users\/1"}],"replies":[{"embeddable":true,"href":"https:\/\/eggerstein.at\/index.php\/wp-json\/wp\/v2\/comments?post=30"}],"version-history":[{"count":73,"href":"https:\/\/eggerstein.at\/index.php\/wp-json\/wp\/v2\/pages\/30\/revisions"}],"predecessor-version":[{"id":1082,"href":"https:\/\/eggerstein.at\/index.php\/wp-json\/wp\/v2\/pages\/30\/revisions\/1082"}],"wp:attachment":[{"href":"https:\/\/eggerstein.at\/index.php\/wp-json\/wp\/v2\/media?parent=30"}],"curies":[{"name":"wp","href":"https:\/\/api.w.org\/{rel}","templated":true}]}}