{"id":38,"date":"2021-11-12T08:28:12","date_gmt":"2021-11-12T08:28:12","guid":{"rendered":"https:\/\/dev.mediadome.at\/egger-stein-gmbh\/?page_id=38"},"modified":"2022-01-11T08:28:44","modified_gmt":"2022-01-11T08:28:44","slug":"team","status":"publish","type":"page","link":"https:\/\/eggerstein.at\/index.php\/team\/","title":{"rendered":"Team"},"content":{"rendered":"\t\t<div data-elementor-type=\"wp-page\" data-elementor-id=\"38\" class=\"elementor elementor-38\" data-elementor-post-type=\"page\">\n\t\t\t\t\t\t<section data-particle_enable=\"false\" data-particle-mobile-disabled=\"false\" class=\"elementor-section elementor-top-section elementor-element elementor-element-690f651c elementor-section-full_width elementor-section-height-default elementor-section-height-default\" data-id=\"690f651c\" data-element_type=\"section\" data-e-type=\"section\" data-settings=\"{&quot;background_background&quot;:&quot;classic&quot;}\">\n\t\t\t\t\t\t\t<div class=\"elementor-background-overlay\"><\/div>\n\t\t\t\t\t\t\t<div class=\"elementor-container elementor-column-gap-default\">\n\t\t\t\t\t<div class=\"elementor-column elementor-col-50 elementor-top-column elementor-element elementor-element-1728146\" data-id=\"1728146\" data-element_type=\"column\" data-e-type=\"column\">\n\t\t\t<div class=\"elementor-widget-wrap elementor-element-populated\">\n\t\t\t\t\t\t<div class=\"elementor-element elementor-element-f1cb7cb elementor-invisible elementor-widget elementor-widget-image\" data-id=\"f1cb7cb\" data-element_type=\"widget\" data-e-type=\"widget\" data-settings=\"{&quot;_animation&quot;:&quot;fadeInLeft&quot;,&quot;_animation_tablet&quot;:&quot;fadeInLeft&quot;,&quot;_animation_mobile&quot;:&quot;fadeInLeft&quot;}\" data-widget_type=\"image.default\">\n\t\t\t\t<div class=\"elementor-widget-container\">\n\t\t\t\t\t\t\t\t\t\t\t\t\t\t\t\t<a href=\"https:\/\/eggerstein.at\/\">\n\t\t\t\t\t\t\t<img fetchpriority=\"high\" decoding=\"async\" width=\"822\" height=\"429\" src=\"https:\/\/eggerstein.at\/wp-content\/uploads\/2021\/11\/Egger-Stein_RGB.png\" class=\"attachment-2048x2048 size-2048x2048 wp-image-146\" alt=\"\" srcset=\"https:\/\/eggerstein.at\/wp-content\/uploads\/2021\/11\/Egger-Stein_RGB.png 822w, https:\/\/eggerstein.at\/wp-content\/uploads\/2021\/11\/Egger-Stein_RGB-600x313.png 600w, https:\/\/eggerstein.at\/wp-content\/uploads\/2021\/11\/Egger-Stein_RGB-300x157.png 300w, https:\/\/eggerstein.at\/wp-content\/uploads\/2021\/11\/Egger-Stein_RGB-768x401.png 768w\" sizes=\"(max-width: 822px) 100vw, 822px\" \/>\t\t\t\t\t\t\t\t<\/a>\n\t\t\t\t\t\t\t\t\t\t\t\t\t\t\t<\/div>\n\t\t\t\t<\/div>\n\t\t\t\t\t<\/div>\n\t\t<\/div>\n\t\t\t\t<div class=\"elementor-column elementor-col-50 elementor-top-column elementor-element elementor-element-38d821d\" data-id=\"38d821d\" data-element_type=\"column\" data-e-type=\"column\">\n\t\t\t<div class=\"elementor-widget-wrap elementor-element-populated\">\n\t\t\t\t\t\t<div class=\"elementor-element elementor-element-5f217a8 elementor-invisible elementor-widget elementor-widget-image\" data-id=\"5f217a8\" data-element_type=\"widget\" data-e-type=\"widget\" data-settings=\"{&quot;_animation&quot;:&quot;fadeInRight&quot;,&quot;_animation_tablet&quot;:&quot;fadeInRight&quot;,&quot;_animation_mobile&quot;:&quot;fadeInRight&quot;}\" data-widget_type=\"image.default\">\n\t\t\t\t<div class=\"elementor-widget-container\">\n\t\t\t\t\t\t\t\t\t\t\t\t\t\t\t\t<a href=\"https:\/\/www.gladikbau.at\" target=\"_blank\">\n\t\t\t\t\t\t\t<img decoding=\"async\" width=\"300\" height=\"59\" src=\"https:\/\/eggerstein.at\/wp-content\/uploads\/2021\/12\/logo-300x59.png\" class=\"attachment-medium size-medium wp-image-1009\" alt=\"\" srcset=\"https:\/\/eggerstein.at\/wp-content\/uploads\/2021\/12\/logo-300x59.png 300w, https:\/\/eggerstein.at\/wp-content\/uploads\/2021\/12\/logo.png 600w\" sizes=\"(max-width: 300px) 100vw, 300px\" \/>\t\t\t\t\t\t\t\t<\/a>\n\t\t\t\t\t\t\t\t\t\t\t\t\t\t\t<\/div>\n\t\t\t\t<\/div>\n\t\t\t\t\t<\/div>\n\t\t<\/div>\n\t\t\t\t\t<\/div>\n\t\t<\/section>\n\t\t\t\t<section data-particle_enable=\"false\" data-particle-mobile-disabled=\"false\" class=\"elementor-section elementor-top-section elementor-element elementor-element-55007e98 elementor-section-boxed elementor-section-height-default elementor-section-height-default elementor-invisible\" data-id=\"55007e98\" data-element_type=\"section\" data-e-type=\"section\" data-settings=\"{&quot;background_background&quot;:&quot;classic&quot;,&quot;sticky&quot;:&quot;top&quot;,&quot;sticky_effects_offset&quot;:500,&quot;animation&quot;:&quot;fadeIn&quot;,&quot;sticky_on&quot;:[&quot;desktop&quot;,&quot;tablet&quot;,&quot;mobile&quot;],&quot;sticky_offset&quot;:0,&quot;sticky_anchor_link_offset&quot;:0}\">\n\t\t\t\t\t\t<div class=\"elementor-container elementor-column-gap-default\">\n\t\t\t\t\t<div class=\"elementor-column elementor-col-100 elementor-top-column elementor-element elementor-element-3c631e25\" data-id=\"3c631e25\" data-element_type=\"column\" data-e-type=\"column\">\n\t\t\t<div class=\"elementor-widget-wrap elementor-element-populated\">\n\t\t\t\t\t\t<div class=\"elementor-element elementor-element-60cfa961 elementor-nav-menu__align-center elementor-nav-menu--dropdown-mobile elementor-nav-menu__text-align-aside elementor-nav-menu--toggle elementor-nav-menu--burger elementor-widget elementor-widget-nav-menu\" data-id=\"60cfa961\" data-element_type=\"widget\" data-e-type=\"widget\" data-settings=\"{&quot;layout&quot;:&quot;horizontal&quot;,&quot;submenu_icon&quot;:{&quot;value&quot;:&quot;&lt;i class=\\&quot;fas fa-caret-down\\&quot; aria-hidden=\\&quot;true\\&quot;&gt;&lt;\\\/i&gt;&quot;,&quot;library&quot;:&quot;fa-solid&quot;},&quot;toggle&quot;:&quot;burger&quot;}\" data-widget_type=\"nav-menu.default\">\n\t\t\t\t<div class=\"elementor-widget-container\">\n\t\t\t\t\t\t\t\t<nav aria-label=\"Men\u00fc\" class=\"elementor-nav-menu--main elementor-nav-menu__container elementor-nav-menu--layout-horizontal e--pointer-underline e--animation-fade\">\n\t\t\t\t<ul id=\"menu-1-60cfa961\" class=\"elementor-nav-menu\"><li class=\"menu-item menu-item-type-post_type menu-item-object-page menu-item-home menu-item-89\"><a href=\"https:\/\/eggerstein.at\/\" class=\"elementor-item\">Home<\/a><\/li>\n<li class=\"menu-item menu-item-type-post_type menu-item-object-page menu-item-91\"><a href=\"https:\/\/eggerstein.at\/index.php\/leistungen\/\" class=\"elementor-item\">Leistungen<\/a><\/li>\n<li class=\"menu-item menu-item-type-post_type menu-item-object-page menu-item-95\"><a href=\"https:\/\/eggerstein.at\/index.php\/unternehmen\/\" class=\"elementor-item\">Unternehmen<\/a><\/li>\n<li class=\"menu-item menu-item-type-post_type menu-item-object-page menu-item-90\"><a href=\"https:\/\/eggerstein.at\/index.php\/kontakt\/\" class=\"elementor-item\">Kontakt<\/a><\/li>\n<li class=\"menu-item menu-item-type-post_type menu-item-object-page menu-item-94\"><a href=\"https:\/\/eggerstein.at\/index.php\/team\/\" class=\"elementor-item\">Team<\/a><\/li>\n<li class=\"menu-item menu-item-type-post_type menu-item-object-page menu-item-93\"><a href=\"https:\/\/eggerstein.at\/index.php\/stellenangebote\/\" class=\"elementor-item\">Stellenangebote<\/a><\/li>\n<\/ul>\t\t\t<\/nav>\n\t\t\t\t\t<div class=\"elementor-menu-toggle\" role=\"button\" tabindex=\"0\" aria-label=\"Men\u00fc Umschalter\" aria-expanded=\"false\">\n\t\t\t<i aria-hidden=\"true\" role=\"presentation\" class=\"elementor-menu-toggle__icon--open eicon-menu-bar\"><\/i><i aria-hidden=\"true\" role=\"presentation\" class=\"elementor-menu-toggle__icon--close eicon-close\"><\/i>\t\t<\/div>\n\t\t\t\t\t<nav class=\"elementor-nav-menu--dropdown elementor-nav-menu__container\" aria-hidden=\"true\">\n\t\t\t\t<ul id=\"menu-2-60cfa961\" class=\"elementor-nav-menu\"><li class=\"menu-item menu-item-type-post_type menu-item-object-page menu-item-home menu-item-89\"><a href=\"https:\/\/eggerstein.at\/\" class=\"elementor-item\" tabindex=\"-1\">Home<\/a><\/li>\n<li class=\"menu-item menu-item-type-post_type menu-item-object-page menu-item-91\"><a href=\"https:\/\/eggerstein.at\/index.php\/leistungen\/\" class=\"elementor-item\" tabindex=\"-1\">Leistungen<\/a><\/li>\n<li class=\"menu-item menu-item-type-post_type menu-item-object-page menu-item-95\"><a href=\"https:\/\/eggerstein.at\/index.php\/unternehmen\/\" class=\"elementor-item\" tabindex=\"-1\">Unternehmen<\/a><\/li>\n<li class=\"menu-item menu-item-type-post_type menu-item-object-page menu-item-90\"><a href=\"https:\/\/eggerstein.at\/index.php\/kontakt\/\" class=\"elementor-item\" tabindex=\"-1\">Kontakt<\/a><\/li>\n<li class=\"menu-item menu-item-type-post_type menu-item-object-page menu-item-94\"><a href=\"https:\/\/eggerstein.at\/index.php\/team\/\" class=\"elementor-item\" tabindex=\"-1\">Team<\/a><\/li>\n<li class=\"menu-item menu-item-type-post_type menu-item-object-page menu-item-93\"><a href=\"https:\/\/eggerstein.at\/index.php\/stellenangebote\/\" class=\"elementor-item\" tabindex=\"-1\">Stellenangebote<\/a><\/li>\n<\/ul>\t\t\t<\/nav>\n\t\t\t\t\t\t<\/div>\n\t\t\t\t<\/div>\n\t\t\t\t\t<\/div>\n\t\t<\/div>\n\t\t\t\t\t<\/div>\n\t\t<\/section>\n\t\t\t\t<section data-particle_enable=\"false\" data-particle-mobile-disabled=\"false\" class=\"elementor-section elementor-top-section elementor-element elementor-element-8494d85 elementor-section-boxed elementor-section-height-default elementor-section-height-default\" data-id=\"8494d85\" data-element_type=\"section\" data-e-type=\"section\">\n\t\t\t\t\t\t<div class=\"elementor-container elementor-column-gap-default\">\n\t\t\t\t\t<div class=\"elementor-column elementor-col-100 elementor-top-column elementor-element elementor-element-a33a551\" data-id=\"a33a551\" data-element_type=\"column\" data-e-type=\"column\">\n\t\t\t<div class=\"elementor-widget-wrap elementor-element-populated\">\n\t\t\t\t\t\t<div class=\"elementor-element elementor-element-6e07c49 elementor-widget elementor-widget-heading\" data-id=\"6e07c49\" data-element_type=\"widget\" data-e-type=\"widget\" data-widget_type=\"heading.default\">\n\t\t\t\t<div class=\"elementor-widget-container\">\n\t\t\t\t\t<h2 class=\"elementor-heading-title elementor-size-default\">Team<\/h2>\t\t\t\t<\/div>\n\t\t\t\t<\/div>\n\t\t\t\t<div class=\"elementor-element elementor-element-5a81163 elementor-widget-divider--view-line elementor-widget elementor-widget-divider\" data-id=\"5a81163\" data-element_type=\"widget\" data-e-type=\"widget\" data-widget_type=\"divider.default\">\n\t\t\t\t<div class=\"elementor-widget-container\">\n\t\t\t\t\t\t\t<div class=\"elementor-divider\">\n\t\t\t<span class=\"elementor-divider-separator\">\n\t\t\t\t\t\t<\/span>\n\t\t<\/div>\n\t\t\t\t\t\t<\/div>\n\t\t\t\t<\/div>\n\t\t\t\t\t<\/div>\n\t\t<\/div>\n\t\t\t\t\t<\/div>\n\t\t<\/section>\n\t\t\t\t<section data-particle_enable=\"false\" data-particle-mobile-disabled=\"false\" class=\"elementor-section elementor-top-section elementor-element elementor-element-338ac53 elementor-section-boxed elementor-section-height-default elementor-section-height-default\" data-id=\"338ac53\" data-element_type=\"section\" data-e-type=\"section\">\n\t\t\t\t\t\t<div class=\"elementor-container elementor-column-gap-default\">\n\t\t\t\t\t<div class=\"elementor-column elementor-col-50 elementor-top-column elementor-element elementor-element-5a5c5f5\" data-id=\"5a5c5f5\" data-element_type=\"column\" data-e-type=\"column\">\n\t\t\t<div class=\"elementor-widget-wrap elementor-element-populated\">\n\t\t\t\t\t\t<div class=\"elementor-element elementor-element-b3ffba1 elementor-widget elementor-widget-image\" data-id=\"b3ffba1\" data-element_type=\"widget\" data-e-type=\"widget\" data-widget_type=\"image.default\">\n\t\t\t\t<div class=\"elementor-widget-container\">\n\t\t\t\t\t\t\t\t\t\t\t\t\t\t\t<img decoding=\"async\" width=\"768\" height=\"1152\" src=\"https:\/\/eggerstein.at\/wp-content\/uploads\/2021\/11\/Markus-Lindschinger-768x1152.jpeg\" class=\"attachment-medium_large size-medium_large wp-image-493\" alt=\"\" srcset=\"https:\/\/eggerstein.at\/wp-content\/uploads\/2021\/11\/Markus-Lindschinger-768x1152.jpeg 768w, https:\/\/eggerstein.at\/wp-content\/uploads\/2021\/11\/Markus-Lindschinger-600x900.jpeg 600w, https:\/\/eggerstein.at\/wp-content\/uploads\/2021\/11\/Markus-Lindschinger-200x300.jpeg 200w, https:\/\/eggerstein.at\/wp-content\/uploads\/2021\/11\/Markus-Lindschinger-683x1024.jpeg 683w, https:\/\/eggerstein.at\/wp-content\/uploads\/2021\/11\/Markus-Lindschinger.jpeg 800w\" sizes=\"(max-width: 768px) 100vw, 768px\" \/>\t\t\t\t\t\t\t\t\t\t\t\t\t\t\t<\/div>\n\t\t\t\t<\/div>\n\t\t\t\t<div class=\"elementor-element elementor-element-7f1b09b elementor-widget elementor-widget-heading\" data-id=\"7f1b09b\" data-element_type=\"widget\" data-e-type=\"widget\" data-widget_type=\"heading.default\">\n\t\t\t\t<div class=\"elementor-widget-container\">\n\t\t\t\t\t<h5 class=\"elementor-heading-title elementor-size-default\">Markus Lindschinger<\/h5>\t\t\t\t<\/div>\n\t\t\t\t<\/div>\n\t\t\t\t<div class=\"elementor-element elementor-element-87a88bc elementor-widget-divider--view-line elementor-widget elementor-widget-divider\" data-id=\"87a88bc\" data-element_type=\"widget\" data-e-type=\"widget\" data-widget_type=\"divider.default\">\n\t\t\t\t<div class=\"elementor-widget-container\">\n\t\t\t\t\t\t\t<div class=\"elementor-divider\">\n\t\t\t<span class=\"elementor-divider-separator\">\n\t\t\t\t\t\t<\/span>\n\t\t<\/div>\n\t\t\t\t\t\t<\/div>\n\t\t\t\t<\/div>\n\t\t\t\t<div class=\"elementor-element elementor-element-6ca1528 elementor-widget elementor-widget-text-editor\" data-id=\"6ca1528\" data-element_type=\"widget\" data-e-type=\"widget\" data-widget_type=\"text-editor.default\">\n\t\t\t\t<div class=\"elementor-widget-container\">\n\t\t\t\t\t\t\t\t\t<p><strong>gesch\u00e4ftsf\u00fchrender Gesellschafter<\/strong><\/p><p><a href=\"tel:035322360\">03532 23 60<\/a><\/p><p><a href=\"mailto:mlindschinger@eggerstein.at\">mlindschinger@eggerstein.at<\/a><\/p>\t\t\t\t\t\t\t\t<\/div>\n\t\t\t\t<\/div>\n\t\t\t\t\t<\/div>\n\t\t<\/div>\n\t\t\t\t<div class=\"elementor-column elementor-col-50 elementor-top-column elementor-element elementor-element-e691f51\" data-id=\"e691f51\" data-element_type=\"column\" data-e-type=\"column\">\n\t\t\t<div class=\"elementor-widget-wrap elementor-element-populated\">\n\t\t\t\t\t\t<div class=\"elementor-element elementor-element-9d6f619 elementor-widget elementor-widget-image\" data-id=\"9d6f619\" data-element_type=\"widget\" data-e-type=\"widget\" data-widget_type=\"image.default\">\n\t\t\t\t<div class=\"elementor-widget-container\">\n\t\t\t\t\t\t\t\t\t\t\t\t\t\t\t<img loading=\"lazy\" decoding=\"async\" width=\"768\" height=\"1152\" src=\"https:\/\/eggerstein.at\/wp-content\/uploads\/2021\/11\/Josef-Gladik-768x1152.jpeg\" class=\"attachment-medium_large size-medium_large wp-image-492\" alt=\"\" srcset=\"https:\/\/eggerstein.at\/wp-content\/uploads\/2021\/11\/Josef-Gladik-768x1152.jpeg 768w, https:\/\/eggerstein.at\/wp-content\/uploads\/2021\/11\/Josef-Gladik-600x900.jpeg 600w, https:\/\/eggerstein.at\/wp-content\/uploads\/2021\/11\/Josef-Gladik-200x300.jpeg 200w, https:\/\/eggerstein.at\/wp-content\/uploads\/2021\/11\/Josef-Gladik-683x1024.jpeg 683w, https:\/\/eggerstein.at\/wp-content\/uploads\/2021\/11\/Josef-Gladik.jpeg 800w\" sizes=\"(max-width: 768px) 100vw, 768px\" \/>\t\t\t\t\t\t\t\t\t\t\t\t\t\t\t<\/div>\n\t\t\t\t<\/div>\n\t\t\t\t<div class=\"elementor-element elementor-element-a50eaec elementor-widget elementor-widget-heading\" data-id=\"a50eaec\" data-element_type=\"widget\" data-e-type=\"widget\" data-widget_type=\"heading.default\">\n\t\t\t\t<div class=\"elementor-widget-container\">\n\t\t\t\t\t<h5 class=\"elementor-heading-title elementor-size-default\">BM Ing. Josef Gladik <\/h5>\t\t\t\t<\/div>\n\t\t\t\t<\/div>\n\t\t\t\t<div class=\"elementor-element elementor-element-6d6ddad elementor-widget-divider--view-line elementor-widget elementor-widget-divider\" data-id=\"6d6ddad\" data-element_type=\"widget\" data-e-type=\"widget\" data-widget_type=\"divider.default\">\n\t\t\t\t<div class=\"elementor-widget-container\">\n\t\t\t\t\t\t\t<div class=\"elementor-divider\">\n\t\t\t<span class=\"elementor-divider-separator\">\n\t\t\t\t\t\t<\/span>\n\t\t<\/div>\n\t\t\t\t\t\t<\/div>\n\t\t\t\t<\/div>\n\t\t\t\t<div class=\"elementor-element elementor-element-172201c elementor-widget elementor-widget-text-editor\" data-id=\"172201c\" data-element_type=\"widget\" data-e-type=\"widget\" data-widget_type=\"text-editor.default\">\n\t\t\t\t<div class=\"elementor-widget-container\">\n\t\t\t\t\t\t\t\t\t<p><strong>gesch\u00e4ftsf\u00fchrender Gesellschafter<\/strong><\/p><p><a href=\"tel:035322360\">03532 23 60<\/a><\/p><p><a href=\"mailto:jgladik@eggerstein.at\">jgladik@eggerstein.at<\/a><\/p>\t\t\t\t\t\t\t\t<\/div>\n\t\t\t\t<\/div>\n\t\t\t\t\t<\/div>\n\t\t<\/div>\n\t\t\t\t\t<\/div>\n\t\t<\/section>\n\t\t\t\t<section data-particle_enable=\"false\" data-particle-mobile-disabled=\"false\" class=\"elementor-section elementor-top-section elementor-element elementor-element-2248b83 elementor-section-boxed elementor-section-height-default elementor-section-height-default\" data-id=\"2248b83\" data-element_type=\"section\" data-e-type=\"section\">\n\t\t\t\t\t\t<div class=\"elementor-container elementor-column-gap-default\">\n\t\t\t\t\t<div class=\"elementor-column elementor-col-33 elementor-top-column elementor-element elementor-element-0aff35e\" data-id=\"0aff35e\" data-element_type=\"column\" data-e-type=\"column\">\n\t\t\t<div class=\"elementor-widget-wrap elementor-element-populated\">\n\t\t\t\t\t\t<div class=\"elementor-element elementor-element-aca7064 elementor-widget elementor-widget-image\" data-id=\"aca7064\" data-element_type=\"widget\" data-e-type=\"widget\" data-widget_type=\"image.default\">\n\t\t\t\t<div class=\"elementor-widget-container\">\n\t\t\t\t\t\t\t\t\t\t\t\t\t\t\t<img loading=\"lazy\" decoding=\"async\" width=\"947\" height=\"1420\" src=\"https:\/\/eggerstein.at\/wp-content\/uploads\/2022\/01\/Alexander-1-Egger.jpg\" class=\"attachment-full size-full wp-image-1092\" alt=\"\" srcset=\"https:\/\/eggerstein.at\/wp-content\/uploads\/2022\/01\/Alexander-1-Egger.jpg 947w, https:\/\/eggerstein.at\/wp-content\/uploads\/2022\/01\/Alexander-1-Egger-600x900.jpg 600w, https:\/\/eggerstein.at\/wp-content\/uploads\/2022\/01\/Alexander-1-Egger-200x300.jpg 200w, https:\/\/eggerstein.at\/wp-content\/uploads\/2022\/01\/Alexander-1-Egger-683x1024.jpg 683w, https:\/\/eggerstein.at\/wp-content\/uploads\/2022\/01\/Alexander-1-Egger-768x1152.jpg 768w\" sizes=\"(max-width: 947px) 100vw, 947px\" \/>\t\t\t\t\t\t\t\t\t\t\t\t\t\t\t<\/div>\n\t\t\t\t<\/div>\n\t\t\t\t<div class=\"elementor-element elementor-element-2917f31 elementor-widget elementor-widget-heading\" data-id=\"2917f31\" data-element_type=\"widget\" data-e-type=\"widget\" data-widget_type=\"heading.default\">\n\t\t\t\t<div class=\"elementor-widget-container\">\n\t\t\t\t\t<h5 class=\"elementor-heading-title elementor-size-default\">Ing. Alexander Klauber<\/h5>\t\t\t\t<\/div>\n\t\t\t\t<\/div>\n\t\t\t\t<div class=\"elementor-element elementor-element-54e2a15 elementor-widget-divider--view-line elementor-widget elementor-widget-divider\" data-id=\"54e2a15\" data-element_type=\"widget\" data-e-type=\"widget\" data-widget_type=\"divider.default\">\n\t\t\t\t<div class=\"elementor-widget-container\">\n\t\t\t\t\t\t\t<div class=\"elementor-divider\">\n\t\t\t<span class=\"elementor-divider-separator\">\n\t\t\t\t\t\t<\/span>\n\t\t<\/div>\n\t\t\t\t\t\t<\/div>\n\t\t\t\t<\/div>\n\t\t\t\t<div class=\"elementor-element elementor-element-4f250c8 elementor-widget elementor-widget-text-editor\" data-id=\"4f250c8\" data-element_type=\"widget\" data-e-type=\"widget\" data-widget_type=\"text-editor.default\">\n\t\t\t\t<div class=\"elementor-widget-container\">\n\t\t\t\t\t\t\t\t\t<p><strong>Betriebsleitung<br \/>Bauleitung, Kalkulation,\u00a0 Beratung<\/strong><\/p><p><a href=\"tel:035322360\">03532 23 60<\/a><\/p><p><a href=\"mailto:aklauber@eggerstein.at\">aklauber@eggerstein.at<\/a><\/p>\t\t\t\t\t\t\t\t<\/div>\n\t\t\t\t<\/div>\n\t\t\t\t\t<\/div>\n\t\t<\/div>\n\t\t\t\t<div class=\"elementor-column elementor-col-33 elementor-top-column elementor-element elementor-element-ffb57e5\" data-id=\"ffb57e5\" data-element_type=\"column\" data-e-type=\"column\">\n\t\t\t<div class=\"elementor-widget-wrap elementor-element-populated\">\n\t\t\t\t\t\t<div class=\"elementor-element elementor-element-c525e6e elementor-widget elementor-widget-image\" data-id=\"c525e6e\" data-element_type=\"widget\" data-e-type=\"widget\" data-widget_type=\"image.default\">\n\t\t\t\t<div class=\"elementor-widget-container\">\n\t\t\t\t\t\t\t\t\t\t\t\t\t\t\t<img decoding=\"async\" src=\"https:\/\/eggerstein.at\/wp-content\/uploads\/elementor\/thumbs\/Vanessa-1-Egger-q4tkmlm6m47l0d5r497hxifl26t43wy54dukz23lz4.jpg\" title=\"Vanessa 1 Egger\" alt=\"Vanessa 1 Egger\" loading=\"lazy\" \/>\t\t\t\t\t\t\t\t\t\t\t\t\t\t\t<\/div>\n\t\t\t\t<\/div>\n\t\t\t\t<div class=\"elementor-element elementor-element-1d705a4 elementor-widget elementor-widget-heading\" data-id=\"1d705a4\" data-element_type=\"widget\" data-e-type=\"widget\" data-widget_type=\"heading.default\">\n\t\t\t\t<div class=\"elementor-widget-container\">\n\t\t\t\t\t<h5 class=\"elementor-heading-title elementor-size-default\">Vanessa Waldegg<\/h5>\t\t\t\t<\/div>\n\t\t\t\t<\/div>\n\t\t\t\t<div class=\"elementor-element elementor-element-848ba49 elementor-widget-divider--view-line elementor-widget elementor-widget-divider\" data-id=\"848ba49\" data-element_type=\"widget\" data-e-type=\"widget\" data-widget_type=\"divider.default\">\n\t\t\t\t<div class=\"elementor-widget-container\">\n\t\t\t\t\t\t\t<div class=\"elementor-divider\">\n\t\t\t<span class=\"elementor-divider-separator\">\n\t\t\t\t\t\t<\/span>\n\t\t<\/div>\n\t\t\t\t\t\t<\/div>\n\t\t\t\t<\/div>\n\t\t\t\t<div class=\"elementor-element elementor-element-8d9e6bc elementor-widget elementor-widget-text-editor\" data-id=\"8d9e6bc\" data-element_type=\"widget\" data-e-type=\"widget\" data-widget_type=\"text-editor.default\">\n\t\t\t\t<div class=\"elementor-widget-container\">\n\t\t\t\t\t\t\t\t\t<p><strong>Verkauf, Beratung, Empfang, Fakturierung<\/strong><\/p><p><a href=\"tel:035322360\">03532 23 60<\/a><\/p><p><a href=\"mailto:vwaldegg@eggerstein.at\">vwaldegg@eggerstein.at<\/a><\/p>\t\t\t\t\t\t\t\t<\/div>\n\t\t\t\t<\/div>\n\t\t\t\t\t<\/div>\n\t\t<\/div>\n\t\t\t\t<div class=\"elementor-column elementor-col-33 elementor-top-column elementor-element elementor-element-d257114\" data-id=\"d257114\" data-element_type=\"column\" data-e-type=\"column\">\n\t\t\t<div class=\"elementor-widget-wrap elementor-element-populated\">\n\t\t\t\t\t\t<div class=\"elementor-element elementor-element-42c855a elementor-widget elementor-widget-image\" data-id=\"42c855a\" data-element_type=\"widget\" data-e-type=\"widget\" data-widget_type=\"image.default\">\n\t\t\t\t<div class=\"elementor-widget-container\">\n\t\t\t\t\t\t\t\t\t\t\t\t\t\t\t<img loading=\"lazy\" decoding=\"async\" width=\"800\" height=\"843\" src=\"https:\/\/eggerstein.at\/wp-content\/uploads\/2021\/11\/avatar-frau-e1637226201860-972x1024.jpg\" class=\"attachment-large size-large wp-image-363\" alt=\"\" srcset=\"https:\/\/eggerstein.at\/wp-content\/uploads\/2021\/11\/avatar-frau-e1637226201860-972x1024.jpg 972w, https:\/\/eggerstein.at\/wp-content\/uploads\/2021\/11\/avatar-frau-e1637226201860-600x632.jpg 600w, https:\/\/eggerstein.at\/wp-content\/uploads\/2021\/11\/avatar-frau-e1637226201860-285x300.jpg 285w, https:\/\/eggerstein.at\/wp-content\/uploads\/2021\/11\/avatar-frau-e1637226201860-768x809.jpg 768w, https:\/\/eggerstein.at\/wp-content\/uploads\/2021\/11\/avatar-frau-e1637226201860.jpg 1148w\" sizes=\"(max-width: 800px) 100vw, 800px\" \/>\t\t\t\t\t\t\t\t\t\t\t\t\t\t\t<\/div>\n\t\t\t\t<\/div>\n\t\t\t\t<div class=\"elementor-element elementor-element-cd8138b elementor-widget elementor-widget-heading\" data-id=\"cd8138b\" data-element_type=\"widget\" data-e-type=\"widget\" data-widget_type=\"heading.default\">\n\t\t\t\t<div class=\"elementor-widget-container\">\n\t\t\t\t\t<h5 class=\"elementor-heading-title elementor-size-default\">M\u00f3nika Moln\u00e1<\/h5>\t\t\t\t<\/div>\n\t\t\t\t<\/div>\n\t\t\t\t<div class=\"elementor-element elementor-element-a7dbab8 elementor-widget-divider--view-line elementor-widget elementor-widget-divider\" data-id=\"a7dbab8\" data-element_type=\"widget\" data-e-type=\"widget\" data-widget_type=\"divider.default\">\n\t\t\t\t<div class=\"elementor-widget-container\">\n\t\t\t\t\t\t\t<div class=\"elementor-divider\">\n\t\t\t<span class=\"elementor-divider-separator\">\n\t\t\t\t\t\t<\/span>\n\t\t<\/div>\n\t\t\t\t\t\t<\/div>\n\t\t\t\t<\/div>\n\t\t\t\t<div class=\"elementor-element elementor-element-9e47869 elementor-widget elementor-widget-text-editor\" data-id=\"9e47869\" data-element_type=\"widget\" data-e-type=\"widget\" data-widget_type=\"text-editor.default\">\n\t\t\t\t<div class=\"elementor-widget-container\">\n\t\t\t\t\t\t\t\t\t<p><strong>Facility Management<\/strong><\/p><p><a href=\"tel:035322360\">03532 23 60<\/a><\/p><p><a href=\"mailto:office@eggerstein.at\">office@eggerstein.at<\/a><\/p>\t\t\t\t\t\t\t\t<\/div>\n\t\t\t\t<\/div>\n\t\t\t\t\t<\/div>\n\t\t<\/div>\n\t\t\t\t\t<\/div>\n\t\t<\/section>\n\t\t\t\t<\/div>\n\t\t","protected":false},"excerpt":{"rendered":"<p>Team Markus Lindschinger gesch\u00e4ftsf\u00fchrender Gesellschafter 03532 23 60 mlindschinger@eggerstein.at BM Ing. Josef Gladik gesch\u00e4ftsf\u00fchrender Gesellschafter 03532 23 60 jgladik@eggerstein.at Ing. Alexander Klauber Betriebsleitung Bauleitung, Kalkulation,&nbsp; Beratung 03532 23 60 aklauber@eggerstein.at Vanessa Waldegg Verkauf, Beratung, Empfang, Fakturierung 03532 23 60 vwaldegg@eggerstein.at M\u00f3nika Moln\u00e1 Facility Management 03532 23 60 office@eggerstein.at<\/p>\n","protected":false},"author":1,"featured_media":0,"parent":0,"menu_order":0,"comment_status":"closed","ping_status":"closed","template":"","meta":{"footnotes":""},"class_list":["post-38","page","type-page","status-publish","hentry"],"_links":{"self":[{"href":"https:\/\/eggerstein.at\/index.php\/wp-json\/wp\/v2\/pages\/38","targetHints":{"allow":["GET"]}}],"collection":[{"href":"https:\/\/eggerstein.at\/index.php\/wp-json\/wp\/v2\/pages"}],"about":[{"href":"https:\/\/eggerstein.at\/index.php\/wp-json\/wp\/v2\/types\/page"}],"author":[{"embeddable":true,"href":"https:\/\/eggerstein.at\/index.php\/wp-json\/wp\/v2\/users\/1"}],"replies":[{"embeddable":true,"href":"https:\/\/eggerstein.at\/index.php\/wp-json\/wp\/v2\/comments?post=38"}],"version-history":[{"count":59,"href":"https:\/\/eggerstein.at\/index.php\/wp-json\/wp\/v2\/pages\/38\/revisions"}],"predecessor-version":[{"id":1097,"href":"https:\/\/eggerstein.at\/index.php\/wp-json\/wp\/v2\/pages\/38\/revisions\/1097"}],"wp:attachment":[{"href":"https:\/\/eggerstein.at\/index.php\/wp-json\/wp\/v2\/media?parent=38"}],"curies":[{"name":"wp","href":"https:\/\/api.w.org\/{rel}","templated":true}]}}